{"id":7,"date":"2025-03-12T15:45:29","date_gmt":"2025-03-12T14:45:29","guid":{"rendered":"https:\/\/zsandar.hu\/?page_id=7"},"modified":"2025-03-14T16:26:41","modified_gmt":"2025-03-14T15:26:41","slug":"prenatalis-szakasz-szuletes","status":"publish","type":"page","link":"https:\/\/zsandar.hu\/?page_id=7","title":{"rendered":"02 Perinat\u00e1lis szakasz (sz\u00fclet\u00e9s)"},"content":{"rendered":"\n<p>T\u00f6rt\u00e9nelmi \u00e1ttekint\u00e9s:<\/p>\n\n\n\n<ul class=\"wp-block-list\">\n<li>Freud &#8211; a szorong\u00e1s forr\u00e1sa \u00e9s modellje a sz\u00fclet\u00e9s traum\u00e1ja<\/li>\n\n\n\n<li>Ferenczi S\u00e1ndor\n<ul class=\"wp-block-list\">\n<li>&#8211; a magzat az anyam\u00e9hben \u00e9rz\u00e9kel \u00e9s eml\u00e9kszik a sz\u00fclet\u00e9s ut\u00e1n<\/li>\n\n\n\n<li>&#8211; \u00f6r\u00f6k v\u00e1gy \u00e9l az intrauterin (m\u00e9hen bel\u00fcli) \u00e1llapot vissza\u00e1ll\u00edt\u00e1s\u00e1ra<\/li>\n\n\n\n<li>&#8211; anya-magzat kapcsolat fontoss\u00e1ga<\/li>\n<\/ul>\n<\/li>\n\n\n\n<li>Otto Rank &#8211; pre\/perinat\u00e1lis pszichol\u00f3gia alap\u00edt\u00f3ja\n<ul class=\"wp-block-list\">\n<li>&#8211; a sz\u00fclet\u00e9si trauma a neurotikus megbeteged\u00e9sek \u00e9s a tudattalan alapja<\/li>\n\n\n\n<li>&#8211; A sz\u00fclet\u00e9s traum\u00e1ja (1924) az anya \u00e9s gyermeke peri- \u00e9s prenat\u00e1lis kapcsolat\u00e1t vizsg\u00e1lja, egy eg\u00e9sz elm\u00e9letet \u00e9s ter\u00e1pi\u00e1s m\u00f3dszert dolgozott ki<\/li>\n\n\n\n<li>&#8211; megsz\u00fclet\u00e9s \u00e9let\u00fcnk els\u0151 nagy traum\u00e1ja, \u00e9let\u00fcnk minden nagyobb szorong\u00e1sos v\u00e1ls\u00e1g\u00e1nak alapesete lesz<\/li>\n<\/ul>\n<\/li>\n\n\n\n<li>&#8217;70-es \u00e9vek: k\u00e9palkot\u00f3 elj\u00e1r\u00e1sok, empirikus vizsg\u00e1latok<\/li>\n\n\n\n<li>&#8217;80-as \u00e9vek: intelligens, kompetens magzat<\/li>\n<\/ul>\n\n\n\n<hr class=\"wp-block-separator has-alpha-channel-opacity\"\/>\n\n\n\n<p>\u00d6r\u00f6kl\u00e9s vs. k\u00f6rnyezet: mindkett\u0151 egyform\u00e1n<br>fontos \u00e9s meghat\u00e1roz\u00f3 az ember fejl\u0151d\u00e9s\u00e9ben. Integr\u00e1l szemmel: mindkett\u0151 egyar\u00e1nt meghat\u00e1roz\u00f3, azonban a magzat \u00e9rtelmi fejl\u0151d\u00e9s\u00e9ben a <strong><u>m\u00e9hen bel\u00fcli k\u00f6rnyezet fontosabb<\/u><\/strong>, mint a genetika.<\/p>\n\n\n\n<hr class=\"wp-block-separator has-alpha-channel-opacity\"\/>\n\n\n\n<p><strong><em>Direkt \u00e9s indirekt<\/em><\/strong> magzati \u00e9let <strong><em>vizsg\u00e1lati m\u00f3dszerek<\/em><\/strong>:<\/p>\n\n\n\n<ul class=\"wp-block-list\">\n<li><strong><em>Direkt<\/em><\/strong> m\u00f3dszerek: viszonylag objekt\u00edven megfigyelhet\u0151\n<ul class=\"wp-block-list\">\n<li>&#8211; m\u0171szeres megfigyel\u00e9sek, m\u00e9r\u00e9sek<\/li>\n\n\n\n<li>&#8211; any\u00e1n \u00e9s a magzat\u00e1n p\u00e1rhuzamosan v\u00e9gzett m\u00e9r\u00e9sek<\/li>\n\n\n\n<li>&#8211; \u00fajsz\u00fcl\u00f6ttek viselked\u00e9s\u00e9nek vizsg\u00e1lata<\/li>\n\n\n\n<li>&#8211; korasz\u00fcl\u00f6ttek viselked\u00e9s\u00e9nek vizsg\u00e1lata<\/li>\n\n\n\n<li>&#8211; abort\u00e1lt embri\u00f3k \u00e9s magzatok vizsg\u00e1lata<\/li>\n<\/ul>\n<\/li>\n\n\n\n<li><strong><em>Indirekt<\/em><\/strong>:Analitikus megfigyel\u00e9sek \u00e9s ter\u00e1pi\u00e1s tapasztalatok alapj\u00e1n\n<ul class=\"wp-block-list\">\n<li>&#8211; statisztikai \u00f6sszef\u00fcgg\u00e9sek<\/li>\n\n\n\n<li>&#8211; m\u00f3dosult tudat\u00e1llapotok vagy \u00e1lmok<\/li>\n\n\n\n<li>&#8211; pszichoter\u00e1pi\u00e1s tapasztalatok<\/li>\n<\/ul>\n<\/li>\n<\/ul>\n\n\n\n<h2 class=\"wp-block-heading\">M\u00e9hen bel\u00fcli fejl\u0151d\u00e9s<\/h2>\n\n\n\n<p><strong><em>Id\u0151tartama<\/em><\/strong>: fogantat\u00e1s &#8211; sz\u00fcl\u00e9s megindul\u00e1sa (magzatv\u00edz, \u00f6sszeh\u00faz\u00f3d\u00e1sok) -> k\u00f6ld\u00f6kzsin\u00f3r elv\u00e1g\u00e1sa<br>9 h\u00f3nap \u2013 40 h\u00e9t, 280 nap<\/p>\n\n\n\n<p>Kialakulnak azon szervei, szervrendszerei \u00e9s szab\u00e1lyoz\u00e1si folyamatai, amelyek felt\u00e9tlen\u00fcl sz\u00fcks\u00e9gesek, hogy a sz\u00fclet\u00e9s ut\u00e1n k\u00e9pes legyen k\u00f6rnyezet\u00e9vel \u00f6n\u00e1ll\u00f3 kapcsolat kialak\u00edt\u00e1s\u00e1ra<\/p>\n\n\n\n<p><strong><em>Prenat\u00e1lis<\/em><\/strong> (m\u00e9hen bel\u00fcli) fejl\u0151d\u00e9s 3 nagy szakasza<\/p>\n\n\n\n<ul class=\"wp-block-list\">\n<li><strong>Cs\u00edra szakasz<\/strong> 0-8\/10 nap<\/li>\n\n\n\n<li><strong>Embrion\u00e1lis<\/strong> -8. h\u00e9t v\u00e9ge<\/li>\n\n\n\n<li><strong>Magzati<\/strong> -sz\u00fcl\u00e9s<\/li>\n<\/ul>\n\n\n\n<p><strong><em>Cs\u00edra<\/em><\/strong>szakasz:<\/p>\n\n\n\n<ul class=\"wp-block-list\">\n<li>megterm\u00e9keny\u00fcl\u00e9s -> els\u0151 emberi sejt a zig\u00f3ta<\/li>\n\n\n\n<li>petesejt petevezet\u00e9kben t\u00f6rt\u00e9n\u0151 v\u00e1ndorl\u00e1sa<\/li>\n\n\n\n<li>v\u00e9ge a be\u00e1gyaz\u00f3d\u00e1s<\/li>\n\n\n\n<li>1-2. napon gyors sejtoszt\u00f3d\u00e1s vagy hasad\u00e1s\/mit\u00f3zis a peteburokban<\/li>\n\n\n\n<li>k\u00e9tf\u00e9le sejtoszt\u00f3d\u00e1si folyamat \u2013 bar\u00e1zd\u00e1l\u00f3d\u00e1s\n<ul class=\"wp-block-list\">\n<li><strong>differenci\u00e1latlan<\/strong> sejtoszt\u00f3d\u00e1s: azonos tulajdons\u00e1g\u00fa, egyre kisebb m\u00e9ret\u0171 sejtek (\u0151ssejtek)<\/li>\n\n\n\n<li><strong>differenci\u00e1lt <\/strong>sejtoszt\u00f3d\u00e1s: az azonos sejtek k\u00fcl\u00f6nb\u00f6z\u0151 funkci\u00f3kkal b\u00edr\u00f3 sejtekk\u00e9 alakulnak. 16 sejtes \u00e1llapot a szedercs\u00edra, ami az eredeti t\u00e9rfogaton t\u00falra ny\u00falik.<\/li>\n<\/ul>\n<\/li>\n\n\n\n<li>7. napt\u00f3l be\u00e1gyaz\u00f3d\u00e1s a 8-10 napig (esetleg 14 nap)<\/li>\n\n\n\n<li>a h\u00f3lyagcs\u00edra HCG-t kezd termelni (3. h\u00f3nap v\u00e9g\u00e9ig) ami becsapja az immunrendszert.<\/li>\n\n\n\n<li><strong>v\u00e9ge<\/strong> a be\u00e1gyaz\u00f3d\u00e1s, vagy kil\u00f6k\u0151d\u00e9s<\/li>\n<\/ul>\n\n\n\n<p><strong><em>Embrion\u00e1lis <\/em><\/strong>szakasz:<\/p>\n\n\n\n<ul class=\"wp-block-list\">\n<li>8. (12.?) h\u00e9t v\u00e9g\u00e9ig<\/li>\n\n\n\n<li>legkritikusabb-, legsebezhet\u0151bb  id\u0151szak,<\/li>\n\n\n\n<li>itt alakulnak ki a test alapvet\u0151 szervei<\/li>\n\n\n\n<li>testr\u00e9szek kicsiben \u00e9s kezdetleges form\u00e1ban<\/li>\n\n\n\n<li>teratog\u00e9n \u00e1rtalmak: s\u00falyos szervi rendelleness\u00e9gek alakulhatnak ki<\/li>\n\n\n\n<li>cs\u00edralemez \u00e9s annak 3 r\u00e9tege:\n<ul class=\"wp-block-list\">\n<li>ektoderm\u00e1b\u00f3l (k\u00fcls\u0151 r\u00e9teg) idegrendszer<\/li>\n\n\n\n<li>mezoderm\u00e1b\u00f3l (k\u00f6z\u00e9ps\u0151 r\u00e9teg) csont- \u00e9s izomsz\u00f6vetek<\/li>\n<\/ul>\n<\/li>\n<\/ul>\n","protected":false},"excerpt":{"rendered":"<p>T\u00f6rt\u00e9nelmi \u00e1ttekint\u00e9s: \u00d6r\u00f6kl\u00e9s vs. k\u00f6rnyezet: mindkett\u0151 egyform\u00e1nfontos \u00e9s meghat\u00e1roz\u00f3 az ember fejl\u0151d\u00e9s\u00e9ben. Integr\u00e1l szemmel: mindkett\u0151 egyar\u00e1nt meghat\u00e1roz\u00f3, azonban a magzat \u00e9rtelmi fejl\u0151d\u00e9s\u00e9ben a m\u00e9hen bel\u00fcli k\u00f6rnyezet fontosabb, mint a genetika. Direkt \u00e9s indirekt magzati \u00e9let vizsg\u00e1lati m\u00f3dszerek: M\u00e9hen bel\u00fcli fejl\u0151d\u00e9s Id\u0151tartama: fogantat\u00e1s &#8211; sz\u00fcl\u00e9s megindul\u00e1sa (magzatv\u00edz, \u00f6sszeh\u00faz\u00f3d\u00e1sok) -> k\u00f6ld\u00f6kzsin\u00f3r elv\u00e1g\u00e1sa9 h\u00f3nap \u2013 40 h\u00e9t, 280 [&hellip;]<\/p>\n","protected":false},"author":1,"featured_media":0,"parent":0,"menu_order":0,"comment_status":"closed","ping_status":"closed","template":"","meta":{"footnotes":""},"class_list":["post-7","page","type-page","status-publish","hentry"],"_links":{"self":[{"href":"https:\/\/zsandar.hu\/index.php?rest_route=\/wp\/v2\/pages\/7","targetHints":{"allow":["GET"]}}],"collection":[{"href":"https:\/\/zsandar.hu\/index.php?rest_route=\/wp\/v2\/pages"}],"about":[{"href":"https:\/\/zsandar.hu\/index.php?rest_route=\/wp\/v2\/types\/page"}],"author":[{"embeddable":true,"href":"https:\/\/zsandar.hu\/index.php?rest_route=\/wp\/v2\/users\/1"}],"replies":[{"embeddable":true,"href":"https:\/\/zsandar.hu\/index.php?rest_route=%2Fwp%2Fv2%2Fcomments&post=7"}],"version-history":[{"count":9,"href":"https:\/\/zsandar.hu\/index.php?rest_route=\/wp\/v2\/pages\/7\/revisions"}],"predecessor-version":[{"id":27,"href":"https:\/\/zsandar.hu\/index.php?rest_route=\/wp\/v2\/pages\/7\/revisions\/27"}],"wp:attachment":[{"href":"https:\/\/zsandar.hu\/index.php?rest_route=%2Fwp%2Fv2%2Fmedia&parent=7"}],"curies":[{"name":"wp","href":"https:\/\/api.w.org\/{rel}","templated":true}]}}