{"id":17,"date":"2025-03-12T16:13:48","date_gmt":"2025-03-12T15:13:48","guid":{"rendered":"https:\/\/zsandar.hu\/?page_id=17"},"modified":"2025-03-12T16:21:31","modified_gmt":"2025-03-12T15:21:31","slug":"3-felev","status":"publish","type":"page","link":"https:\/\/zsandar.hu\/?page_id=17","title":{"rendered":"3. f\u00e9l\u00e9v"},"content":{"rendered":"\n<p>01 Tudatfejl\u0151d\u00e9s<\/p>\n\n\n\n<p><a href=\"https:\/\/zsandar.hu\/?page_id=7\" data-type=\"page\" data-id=\"7\">02 Prenat\u00e1lis szakasz<\/a><\/p>\n\n\n\n<p><\/p>\n","protected":false},"excerpt":{"rendered":"<p>01 Tudatfejl\u0151d\u00e9s 02 Prenat\u00e1lis szakasz<\/p>\n","protected":false},"author":1,"featured_media":0,"parent":0,"menu_order":0,"comment_status":"closed","ping_status":"closed","template":"","meta":{"footnotes":""},"class_list":["post-17","page","type-page","status-publish","hentry"],"_links":{"self":[{"href":"https:\/\/zsandar.hu\/index.php?rest_route=\/wp\/v2\/pages\/17","targetHints":{"allow":["GET"]}}],"collection":[{"href":"https:\/\/zsandar.hu\/index.php?rest_route=\/wp\/v2\/pages"}],"about":[{"href":"https:\/\/zsandar.hu\/index.php?rest_route=\/wp\/v2\/types\/page"}],"author":[{"embeddable":true,"href":"https:\/\/zsandar.hu\/index.php?rest_route=\/wp\/v2\/users\/1"}],"replies":[{"embeddable":true,"href":"https:\/\/zsandar.hu\/index.php?rest_route=%2Fwp%2Fv2%2Fcomments&post=17"}],"version-history":[{"count":3,"href":"https:\/\/zsandar.hu\/index.php?rest_route=\/wp\/v2\/pages\/17\/revisions"}],"predecessor-version":[{"id":21,"href":"https:\/\/zsandar.hu\/index.php?rest_route=\/wp\/v2\/pages\/17\/revisions\/21"}],"wp:attachment":[{"href":"https:\/\/zsandar.hu\/index.php?rest_route=%2Fwp%2Fv2%2Fmedia&parent=17"}],"curies":[{"name":"wp","href":"https:\/\/api.w.org\/{rel}","templated":true}]}}